{"id":15,"date":"2024-11-15T00:20:30","date_gmt":"2024-11-15T00:20:30","guid":{"rendered":"https:\/\/winandoffice.wplock360.com\/?page_id=15"},"modified":"2025-01-14T05:53:36","modified_gmt":"2025-01-14T05:53:36","slug":"home","status":"publish","type":"page","link":"https:\/\/msnx.org\/eo\/","title":{"rendered":"Inicio"},"content":{"rendered":"<div data-elementor-type=\"wp-page\" data-elementor-id=\"15\" class=\"elementor elementor-15\" data-elementor-post-type=\"page\">\n\t\t\t\t<div class=\"elementor-element elementor-element-e77621d e-flex e-con-boxed e-con e-parent\" data-id=\"e77621d\" data-element_type=\"container\" data-settings=\"{&quot;background_background&quot;:&quot;classic&quot;}\">\n\t\t\t\t\t<div class=\"e-con-inner\">\n\t\t\t\t<div class=\"elementor-element elementor-element-8a476a4 elementor-widget elementor-widget-heading\" data-id=\"8a476a4\" data-element_type=\"widget\" data-widget_type=\"heading.default\">\n\t\t\t\t<div class=\"elementor-widget-container\">\n\t\t\t\t\t<h2 class=\"elementor-heading-title elementor-size-default\">Select your language<\/h2>\t\t\t\t<\/div>\n\t\t\t\t<\/div>\n\t\t<div class=\"elementor-element elementor-element-fa97d38 e-con-full e-grid e-con e-child\" data-id=\"fa97d38\" data-element_type=\"container\">\n\t\t<div class=\"elementor-element elementor-element-9edac67 e-con-full e-flex e-con e-child\" data-id=\"9edac67\" data-element_type=\"container\">\n\t\t\t\t<div class=\"elementor-element elementor-element-863277f elementor-widget elementor-widget-heading\" data-id=\"863277f\" data-element_type=\"widget\" data-widget_type=\"heading.default\">\n\t\t\t\t<div class=\"elementor-widget-container\">\n\t\t\t\t\t<h2 class=\"elementor-heading-title elementor-size-default\"><a href=\"https:\/\/msnx.org\/de\/categories\/\">Deutsch<\/a><\/h2>\t\t\t\t<\/div>\n\t\t\t\t<\/div>\n\t\t\t\t<div class=\"elementor-element elementor-element-9ec8219 elementor-widget elementor-widget-image\" data-id=\"9ec8219\" data-element_type=\"widget\" data-widget_type=\"image.default\">\n\t\t\t\t<div class=\"elementor-widget-container\">\n\t\t\t\t\t\t\t\t\t\t\t\t\t\t\t\t<a href=\"https:\/\/msnx.org\/de\/categories\/\">\n\t\t\t\t\t\t\t<img fetchpriority=\"high\" decoding=\"async\" width=\"350\" height=\"300\" src=\"https:\/\/msnx.org\/wp-content\/uploads\/2024\/11\/germany.png\" class=\"attachment-large size-large wp-image-70\" alt=\"\" srcset=\"https:\/\/msnx.org\/wp-content\/uploads\/2024\/11\/germany.png 350w, https:\/\/msnx.org\/wp-content\/uploads\/2024\/11\/germany-300x257.png 300w, https:\/\/msnx.org\/wp-content\/uploads\/2024\/11\/germany-14x12.png 14w\" sizes=\"(max-width: 350px) 100vw, 350px\" \/>\t\t\t\t\t\t\t\t<\/a>\n\t\t\t\t\t\t\t\t\t\t\t\t\t\t\t<\/div>\n\t\t\t\t<\/div>\n\t\t\t\t<div class=\"elementor-element elementor-element-4fa06c3 elementor-widget elementor-widget-text-editor\" data-id=\"4fa06c3\" data-element_type=\"widget\" data-widget_type=\"text-editor.default\">\n\t\t\t\t<div class=\"elementor-widget-container\">\n\t\t\t\t\t\t\t\t\t<p>Installationsanleitungen, Download-Links und Kundenservice.<\/p>\t\t\t\t\t\t\t\t<\/div>\n\t\t\t\t<\/div>\n\t\t\t\t<\/div>\n\t\t<div class=\"elementor-element elementor-element-55344a9 e-con-full e-flex e-con e-child\" data-id=\"55344a9\" data-element_type=\"container\">\n\t\t\t\t<div class=\"elementor-element elementor-element-2bfffaf elementor-widget elementor-widget-heading\" data-id=\"2bfffaf\" data-element_type=\"widget\" data-widget_type=\"heading.default\">\n\t\t\t\t<div class=\"elementor-widget-container\">\n\t\t\t\t\t<h2 class=\"elementor-heading-title elementor-size-default\"><a href=\"https:\/\/msnx.org\/en\/categories\/\">English<\/a><\/h2>\t\t\t\t<\/div>\n\t\t\t\t<\/div>\n\t\t\t\t<div class=\"elementor-element elementor-element-a42579b elementor-widget elementor-widget-image\" data-id=\"a42579b\" data-element_type=\"widget\" data-widget_type=\"image.default\">\n\t\t\t\t<div class=\"elementor-widget-container\">\n\t\t\t\t\t\t\t\t\t\t\t\t\t\t\t\t<a href=\"https:\/\/msnx.org\/en\/categories\/\">\n\t\t\t\t\t\t\t<img decoding=\"async\" width=\"350\" height=\"300\" src=\"https:\/\/msnx.org\/wp-content\/uploads\/2024\/11\/england.webp\" class=\"attachment-large size-large wp-image-74\" alt=\"\" srcset=\"https:\/\/msnx.org\/wp-content\/uploads\/2024\/11\/england.webp 350w, https:\/\/msnx.org\/wp-content\/uploads\/2024\/11\/england-300x257.webp 300w, https:\/\/msnx.org\/wp-content\/uploads\/2024\/11\/england-14x12.webp 14w\" sizes=\"(max-width: 350px) 100vw, 350px\" \/>\t\t\t\t\t\t\t\t<\/a>\n\t\t\t\t\t\t\t\t\t\t\t\t\t\t\t<\/div>\n\t\t\t\t<\/div>\n\t\t\t\t<div class=\"elementor-element elementor-element-9c0da42 elementor-widget elementor-widget-text-editor\" data-id=\"9c0da42\" data-element_type=\"widget\" data-widget_type=\"text-editor.default\">\n\t\t\t\t<div class=\"elementor-widget-container\">\n\t\t\t\t\t\t\t\t\t<p>Installation guides, download links and customer service.<\/p>\t\t\t\t\t\t\t\t<\/div>\n\t\t\t\t<\/div>\n\t\t\t\t<\/div>\n\t\t<div class=\"elementor-element elementor-element-af47a76 e-con-full e-flex e-con e-child\" data-id=\"af47a76\" data-element_type=\"container\">\n\t\t\t\t<div class=\"elementor-element elementor-element-a02a4d1 elementor-widget elementor-widget-heading\" data-id=\"a02a4d1\" data-element_type=\"widget\" data-widget_type=\"heading.default\">\n\t\t\t\t<div class=\"elementor-widget-container\">\n\t\t\t\t\t<h2 class=\"elementor-heading-title elementor-size-default\"><a href=\"https:\/\/msnx.org\/eo\/categories\/\">Espa\u00f1ol<\/a><\/h2>\t\t\t\t<\/div>\n\t\t\t\t<\/div>\n\t\t\t\t<div class=\"elementor-element elementor-element-b535ad7 elementor-widget elementor-widget-image\" data-id=\"b535ad7\" data-element_type=\"widget\" data-widget_type=\"image.default\">\n\t\t\t\t<div class=\"elementor-widget-container\">\n\t\t\t\t\t\t\t\t\t\t\t\t\t\t\t\t<a href=\"https:\/\/msnx.org\/eo\/categories\/\">\n\t\t\t\t\t\t\t<img decoding=\"async\" width=\"350\" height=\"300\" src=\"https:\/\/msnx.org\/wp-content\/uploads\/2024\/11\/spanish.webp\" class=\"attachment-large size-large wp-image-73\" alt=\"\" srcset=\"https:\/\/msnx.org\/wp-content\/uploads\/2024\/11\/spanish.webp 350w, https:\/\/msnx.org\/wp-content\/uploads\/2024\/11\/spanish-300x257.webp 300w, https:\/\/msnx.org\/wp-content\/uploads\/2024\/11\/spanish-14x12.webp 14w\" sizes=\"(max-width: 350px) 100vw, 350px\" \/>\t\t\t\t\t\t\t\t<\/a>\n\t\t\t\t\t\t\t\t\t\t\t\t\t\t\t<\/div>\n\t\t\t\t<\/div>\n\t\t\t\t<div class=\"elementor-element elementor-element-b5591b4 elementor-widget elementor-widget-text-editor\" data-id=\"b5591b4\" data-element_type=\"widget\" data-widget_type=\"text-editor.default\">\n\t\t\t\t<div class=\"elementor-widget-container\">\n\t\t\t\t\t\t\t\t\t<p>Gu\u00edas de instalaci\u00f3n, enlaces de descarga y atenci\u00f3n al cliente.<\/p>\t\t\t\t\t\t\t\t<\/div>\n\t\t\t\t<\/div>\n\t\t\t\t<\/div>\n\t\t<div class=\"elementor-element elementor-element-8ec007e e-con-full e-flex e-con e-child\" data-id=\"8ec007e\" data-element_type=\"container\">\n\t\t\t\t<div class=\"elementor-element elementor-element-e263214 elementor-widget elementor-widget-heading\" data-id=\"e263214\" data-element_type=\"widget\" data-widget_type=\"heading.default\">\n\t\t\t\t<div class=\"elementor-widget-container\">\n\t\t\t\t\t<h2 class=\"elementor-heading-title elementor-size-default\"><a href=\"https:\/\/msnx.org\/fr\/categories\/\">Fran\u00e7ais<\/a><\/h2>\t\t\t\t<\/div>\n\t\t\t\t<\/div>\n\t\t\t\t<div class=\"elementor-element elementor-element-18f822e elementor-widget elementor-widget-image\" data-id=\"18f822e\" data-element_type=\"widget\" data-widget_type=\"image.default\">\n\t\t\t\t<div class=\"elementor-widget-container\">\n\t\t\t\t\t\t\t\t\t\t\t\t\t\t\t\t<a href=\"https:\/\/msnx.org\/fr\/categories\/\">\n\t\t\t\t\t\t\t<img loading=\"lazy\" decoding=\"async\" width=\"350\" height=\"300\" src=\"https:\/\/msnx.org\/wp-content\/uploads\/2024\/11\/france.webp\" class=\"attachment-large size-large wp-image-72\" alt=\"\" srcset=\"https:\/\/msnx.org\/wp-content\/uploads\/2024\/11\/france.webp 350w, https:\/\/msnx.org\/wp-content\/uploads\/2024\/11\/france-300x257.webp 300w, https:\/\/msnx.org\/wp-content\/uploads\/2024\/11\/france-14x12.webp 14w\" sizes=\"(max-width: 350px) 100vw, 350px\" \/>\t\t\t\t\t\t\t\t<\/a>\n\t\t\t\t\t\t\t\t\t\t\t\t\t\t\t<\/div>\n\t\t\t\t<\/div>\n\t\t\t\t<div class=\"elementor-element elementor-element-c664987 elementor-widget elementor-widget-text-editor\" data-id=\"c664987\" data-element_type=\"widget\" data-widget_type=\"text-editor.default\">\n\t\t\t\t<div class=\"elementor-widget-container\">\n\t\t\t\t\t\t\t\t\t<p>Guides d\u2019installation, liens de t\u00e9l\u00e9chargement et support client.<\/p>\t\t\t\t\t\t\t\t<\/div>\n\t\t\t\t<\/div>\n\t\t\t\t<\/div>\n\t\t<div class=\"elementor-element elementor-element-903c46e e-con-full e-flex e-con e-child\" data-id=\"903c46e\" data-element_type=\"container\">\n\t\t\t\t<div class=\"elementor-element elementor-element-2868193 elementor-widget elementor-widget-heading\" data-id=\"2868193\" data-element_type=\"widget\" data-widget_type=\"heading.default\">\n\t\t\t\t<div class=\"elementor-widget-container\">\n\t\t\t\t\t<h2 class=\"elementor-heading-title elementor-size-default\"><a href=\"https:\/\/msnx.org\/it\/categories\/\">Italiano<\/a><\/h2>\t\t\t\t<\/div>\n\t\t\t\t<\/div>\n\t\t\t\t<div class=\"elementor-element elementor-element-7338559 elementor-widget elementor-widget-image\" data-id=\"7338559\" data-element_type=\"widget\" data-widget_type=\"image.default\">\n\t\t\t\t<div class=\"elementor-widget-container\">\n\t\t\t\t\t\t\t\t\t\t\t\t\t\t\t\t<a href=\"https:\/\/msnx.org\/it\/categories\/\">\n\t\t\t\t\t\t\t<img loading=\"lazy\" decoding=\"async\" width=\"350\" height=\"300\" src=\"https:\/\/msnx.org\/wp-content\/uploads\/2024\/11\/italy.webp\" class=\"attachment-large size-large wp-image-71\" alt=\"\" srcset=\"https:\/\/msnx.org\/wp-content\/uploads\/2024\/11\/italy.webp 350w, https:\/\/msnx.org\/wp-content\/uploads\/2024\/11\/italy-300x257.webp 300w, https:\/\/msnx.org\/wp-content\/uploads\/2024\/11\/italy-14x12.webp 14w\" sizes=\"(max-width: 350px) 100vw, 350px\" \/>\t\t\t\t\t\t\t\t<\/a>\n\t\t\t\t\t\t\t\t\t\t\t\t\t\t\t<\/div>\n\t\t\t\t<\/div>\n\t\t\t\t<div class=\"elementor-element elementor-element-e240177 elementor-widget elementor-widget-text-editor\" data-id=\"e240177\" data-element_type=\"widget\" data-widget_type=\"text-editor.default\">\n\t\t\t\t<div class=\"elementor-widget-container\">\n\t\t\t\t\t\t\t\t\t<p>Guide di installazione, link per il download e assistenza clienti.<\/p>\t\t\t\t\t\t\t\t<\/div>\n\t\t\t\t<\/div>\n\t\t\t\t<\/div>\n\t\t\t\t<\/div>\n\t\t\t\t\t<\/div>\n\t\t\t\t<\/div>\n\t\t\t\t<\/div>","protected":false},"excerpt":{"rendered":"<p>Select your language Deutsch Installationsanleitungen, Download-Links und Kundenservice. English Installation guides, download links and customer service. Espa\u00f1ol Gu\u00edas de instalaci\u00f3n, enlaces de descarga y atenci\u00f3n al cliente. Fran\u00e7ais Guides d\u2019installation, liens de t\u00e9l\u00e9chargement et support client. Italiano Guide di installazione, link per il download e assistenza clienti.<\/p>","protected":false},"author":1,"featured_media":0,"parent":0,"menu_order":0,"comment_status":"closed","ping_status":"closed","template":"elementor_theme","meta":{"_acf_changed":false,"footnotes":""},"class_list":["post-15","page","type-page","status-publish","hentry"],"acf":[],"_links":{"self":[{"href":"https:\/\/msnx.org\/eo\/wp-json\/wp\/v2\/pages\/15","targetHints":{"allow":["GET"]}}],"collection":[{"href":"https:\/\/msnx.org\/eo\/wp-json\/wp\/v2\/pages"}],"about":[{"href":"https:\/\/msnx.org\/eo\/wp-json\/wp\/v2\/types\/page"}],"author":[{"embeddable":true,"href":"https:\/\/msnx.org\/eo\/wp-json\/wp\/v2\/users\/1"}],"replies":[{"embeddable":true,"href":"https:\/\/msnx.org\/eo\/wp-json\/wp\/v2\/comments?post=15"}],"version-history":[{"count":3,"href":"https:\/\/msnx.org\/eo\/wp-json\/wp\/v2\/pages\/15\/revisions"}],"predecessor-version":[{"id":113466,"href":"https:\/\/msnx.org\/eo\/wp-json\/wp\/v2\/pages\/15\/revisions\/113466"}],"wp:attachment":[{"href":"https:\/\/msnx.org\/eo\/wp-json\/wp\/v2\/media?parent=15"}],"curies":[{"name":"wp","href":"https:\/\/api.w.org\/{rel}","templated":true}]}}